{"id":1202,"date":"2023-06-26T12:21:15","date_gmt":"2023-06-26T16:21:15","guid":{"rendered":"https:\/\/zero-c-climat.com\/grants\/"},"modified":"2023-10-14T13:18:15","modified_gmt":"2023-10-14T17:18:15","slug":"grants","status":"publish","type":"page","link":"https:\/\/zero-c-climat.com\/en\/grants\/","title":{"rendered":"Subsidies"},"content":{"rendered":"\n<div class=\"wp-block-group alignfull has-background is-layout-constrained wp-container-core-group-is-layout-254f1302 wp-block-group-is-layout-constrained\" style=\"background:linear-gradient(180deg,rgb(253,247,246) 0%,rgb(254,254,254) 100%);padding-top:0;padding-right:0;padding-bottom:0;padding-left:0\"><div class=\"tod-hero left-to-right alignwide wp-block-acf-hero\">\n    <div class=\"tod-hero-content-container\">\n        <div class=\"acf-innerblocks-container\">\n<h1 style=\"font-style:normal;font-weight:600;text-transform:uppercase; margin-top:0;margin-right:0;margin-bottom:0;margin-left:0;\" class=\"wp-block-post-title has-text-color has-foreground-alt-color has-medium-font-size\">Subsidies<\/h1>\n\n\n<p>Several types of tax credits, subsidies, grants, and aid are available from ministries and organizations. Here are a few links to current programs.<\/p>\n\n\n\n<p>Our experts are in the best position to help you navigate them and advise you!<\/p>\n\n\n\n<div class=\"wp-block-buttons is-layout-flex wp-block-buttons-is-layout-flex\">\n<div class=\"wp-block-button\"><a class=\"wp-block-button__link wp-element-button\" href=\"https:\/\/zero-c-climat.com\/en\/contact-us\/\">Talk to an expert<\/a><\/div>\n<\/div>\n\n<\/div>\n    <\/div>\n    <div class=\"tod-hero-image-container\">\n        <div class=\"tod-hero-graphic-matrix\"><img decoding=\"async\" src=\"https:\/\/zero-c-climat.com\/wp-content\/plugins\/tod-zero-c-main\/public\/assets\/zero-c-graphic-matrix.png\" alt=\"graphic element showing a grid of orange dots\" \/><\/div>\n                    <img decoding=\"async\" src=\"https:\/\/zero-c-climat.com\/wp-content\/uploads\/2023\/06\/OrphismeIMG_7987-web-scaled.jpg\" alt=\"\" class=\"tod-hero-image\" \/>\n            <\/div>\n<\/div><\/div>\n\n<div style=\"height:30px\" aria-hidden=\"true\" class=\"wp-block-spacer\"><\/div>\n\n<div class=\"wp-block-group alignfull is-layout-constrained wp-container-core-group-is-layout-19e250f3 wp-block-group-is-layout-constrained\">\n<div class=\"wp-block-group alignfull has-secondary-alt-background-color has-background is-layout-constrained wp-container-core-group-is-layout-173010c8 wp-block-group-is-layout-constrained\" style=\"padding-top:var(--wp--preset--spacing--70);padding-right:var(--wp--preset--spacing--20);padding-bottom:var(--wp--preset--spacing--70);padding-left:var(--wp--preset--spacing--20)\">\n<h3 class=\"wp-block-heading\">Financial assistance for dual energy and Hydro-Qu\u00e9bec&#8217;s Rate DT<\/h3>\n\n\n\n<p>You could receive significant financial assistance for the purchase and installation of a dual energy heating system through a partnership between the Government of Qu\u00e9bec, \u00c9nergir, and Hydro-Qu\u00e9bec.<\/p>\n\n\n\n<p class=\"has-link-color wp-elements-1f193f888784477160175b5fa93f0e2b\"><a href=\"https:\/\/www.hydroquebec.com\/residentiel\/mieux-consommer\/fenetres-chauffage-climatisation\/offre-bienergie\/\" target=\"_blank\" rel=\"noreferrer noopener\">Consult Hydro-Qu\u00e9bec&#8217;s website<\/a><\/p>\n\n\n\n<p class=\"has-link-color wp-elements-e895bbcd1667e41597f92907fd8743d4\"><a href=\"https:\/\/energir.com\/fr\/residentiel\/bienergie\/clients\/\" target=\"_blank\" rel=\"noreferrer noopener\">Visit \u00c9nergir&#8217;s website<\/a><\/p>\n<\/div>\n\n\n\n<div class=\"wp-block-group alignfull is-layout-constrained wp-container-core-group-is-layout-173010c8 wp-block-group-is-layout-constrained\" style=\"padding-top:var(--wp--preset--spacing--70);padding-right:var(--wp--preset--spacing--20);padding-bottom:var(--wp--preset--spacing--70);padding-left:var(--wp--preset--spacing--20)\">\n<h3 class=\"wp-block-heading\">Canadian subsidies for greener homes<\/h3>\n\n\n\n<p>A federal program that reimburses up to $5,000 of the cost of eligible energy-efficient renovations.<\/p>\n\n\n\n<p class=\"has-link-color wp-elements-3ea0352b343207ae2a883d914c48c5e3\"><a href=\"https:\/\/ressources-naturelles.canada.ca\/efficacite-energetique\/maisons\/initiative-canadienne-pour-des-maisons-plus-vertes\/subvention-canadienne-pour-des-maisons-plus-vertes\/subvention-canadienne-pour-des-maisons-plus-vertes\/23445\" target=\"_blank\" rel=\"noreferrer noopener\">Consult the Government of Canada&#8217;s website<\/a><\/p>\n<\/div>\n\n\n\n<div class=\"wp-block-group alignfull has-secondary-alt-background-color has-background is-layout-constrained wp-container-core-group-is-layout-173010c8 wp-block-group-is-layout-constrained\" style=\"padding-top:var(--wp--preset--spacing--70);padding-right:var(--wp--preset--spacing--20);padding-bottom:var(--wp--preset--spacing--70);padding-left:var(--wp--preset--spacing--20)\">\n<h3 class=\"wp-block-heading\">Qu\u00e9bec government&#8217;s &#8220;Chauffez vert&#8221; program<\/h3>\n\n\n\n<p>Program to replace your oil or propane heating system or water heater with an eligible renewable energy source (e.g., warm air circulation or hydronic circulating system).<\/p>\n\n\n\n<p class=\"has-link-color wp-elements-fd4019c716629ef739f59a7d24a99c28\"><a href=\"https:\/\/transitionenergetique.gouv.qc.ca\/residentiel\/programmes\/chauffez-vert\/aide-financiere\" target=\"_blank\" rel=\"noreferrer noopener\">Visit the Government of Qu\u00e9bec&#8217;s website<\/a><\/p>\n<\/div>\n\n\n\n<div class=\"wp-block-group alignfull is-layout-constrained wp-container-core-group-is-layout-173010c8 wp-block-group-is-layout-constrained\" style=\"padding-top:var(--wp--preset--spacing--70);padding-right:var(--wp--preset--spacing--20);padding-bottom:var(--wp--preset--spacing--70);padding-left:var(--wp--preset--spacing--20)\">\n<h3 class=\"wp-block-heading\">Qu\u00e9bec government financial aid for heat pumps with the R\u00e9noclimat and Novoclimat programs<\/h3>\n\n\n\n<p>The financial aid will vary depending on the installed system&#8217;s heating capacity in winter conditions. The higher the heating capacity of the installed heat pump, the more significant the financial aid granted will be. but financial assistance is generally $50 per thousand BTU of heating at -8\u00b0C.<\/p>\n\n\n\n<p class=\"has-link-color wp-elements-e8cea1b312fc6f2a433490f980bc1cac\"><a href=\"https:\/\/transitionenergetique.gouv.qc.ca\/residentiel\/programmes\/thermopompes\" target=\"_blank\" rel=\"noreferrer noopener\">Visit the Government of Qu\u00e9bec&#8217;s website<\/a><\/p>\n<\/div>\n\n\n\n<div class=\"wp-block-group alignfull has-secondary-alt-background-color has-background is-layout-constrained wp-container-core-group-is-layout-173010c8 wp-block-group-is-layout-constrained\" style=\"padding-top:var(--wp--preset--spacing--70);padding-right:var(--wp--preset--spacing--20);padding-bottom:var(--wp--preset--spacing--70);padding-left:var(--wp--preset--spacing--20)\">\n<h3 class=\"wp-block-heading\">Qu\u00e9bec government&#8217;s R\u00e9noclimat program<\/h3>\n\n\n\n<p>Program to guide home renovation work to improve your property&#8217;s energy performance.<\/p>\n\n\n\n<p class=\"has-link-color wp-elements-bee4b9dd2fd5bf82a84c153253f21d75\"><a href=\"https:\/\/transitionenergetique.gouv.qc.ca\/residentiel\/programmes\/renoclimat\" target=\"_blank\" rel=\"noreferrer noopener\">Visit the Government of Qu\u00e9bec&#8217;s website<\/a><\/p>\n<\/div>\n\n\n\n<div class=\"wp-block-group alignfull is-layout-constrained wp-container-core-group-is-layout-173010c8 wp-block-group-is-layout-constrained\" style=\"padding-top:var(--wp--preset--spacing--70);padding-right:var(--wp--preset--spacing--20);padding-bottom:var(--wp--preset--spacing--70);padding-left:var(--wp--preset--spacing--20)\">\n<h3 class=\"wp-block-heading\">Quebec government&#8217;s Novoclimat program<\/h3>\n\n\n\n<p>Program for the construction of new homes with high energy performance, according to specific building requirements.<\/p>\n\n\n\n<p class=\"has-link-color wp-elements-6f2a2de59ec3631daa75b1b1248431f5\"><a href=\"https:\/\/transitionenergetique.gouv.qc.ca\/residentiel\/programmes\/novoclimat\/novoclimat-maisons\" target=\"_blank\" rel=\"noreferrer noopener\">Visit the Government of Qu\u00e9bec&#8217;s website<\/a><\/p>\n<\/div>\n<\/div>\n\n<div style=\"height:70px\" aria-hidden=\"true\" class=\"wp-block-spacer\"><\/div>\n\n<div class=\"wp-block-group is-layout-constrained wp-container-core-group-is-layout-fce79bf6 wp-block-group-is-layout-constrained\">\n<div class=\"wp-block-group tod-big-cta has-foreground-color has-background-background-color has-text-color has-background is-layout-flow wp-block-group-is-layout-flow\" style=\"border-radius:8px;padding-top:0;padding-right:0;padding-bottom:0;padding-left:0\">\n<div class=\"wp-block-media-text alignwide has-media-on-the-right is-stacked-on-mobile\"><div class=\"wp-block-media-text__content\">\n<div style=\"height:30px\" aria-hidden=\"true\" class=\"wp-block-spacer\"><\/div>\n\n\n\n<h2 class=\"wp-block-heading has-text-align-left has-large-font-size\">Check your eligibility with our help!<\/h2>\n\n\n\n<div class=\"wp-block-buttons is-content-justification-left is-layout-flex wp-container-core-buttons-is-layout-fc4fd283 wp-block-buttons-is-layout-flex\">\n<div class=\"wp-block-button\"><a class=\"wp-block-button__link wp-element-button\" href=\"https:\/\/zero-c-climat.com\/en\/contact-us\/\">Contact us<\/a><\/div>\n<\/div>\n\n\n\n<div style=\"height:30px\" aria-hidden=\"true\" class=\"wp-block-spacer\"><\/div>\n<\/div><figure class=\"wp-block-media-text__media\"><img loading=\"lazy\" decoding=\"async\" width=\"354\" height=\"217\" src=\"https:\/\/zero-c-climat.com\/wp-content\/uploads\/2023\/03\/pexels-ketut-subiyanto-4473892-1.png\" alt=\"\" class=\"wp-image-62 size-full\" srcset=\"https:\/\/zero-c-climat.com\/wp-content\/uploads\/2023\/03\/pexels-ketut-subiyanto-4473892-1.png 354w, https:\/\/zero-c-climat.com\/wp-content\/uploads\/2023\/03\/pexels-ketut-subiyanto-4473892-1-300x184.png 300w\" sizes=\"auto, (max-width: 354px) 100vw, 354px\" \/><\/figure><\/div>\n<\/div>\n<\/div>\n\n<div style=\"height:70px\" aria-hidden=\"true\" class=\"wp-block-spacer\"><\/div>\n","protected":false},"excerpt":{"rendered":"<p>Financial assistance for dual energy and Hydro-Qu\u00e9bec&#8217;s Rate DT You could receive significant financial assistance for the purchase and installation of a dual energy heating system through a partnership between the Government of Qu\u00e9bec, \u00c9nergir, and Hydro-Qu\u00e9bec. Consult Hydro-Qu\u00e9bec&#8217;s website Visit \u00c9nergir&#8217;s website Canadian subsidies for greener homes A federal program that reimburses up to [&hellip;]<\/p>\n","protected":false},"author":5,"featured_media":921,"parent":0,"menu_order":0,"comment_status":"closed","ping_status":"closed","template":"no-title","meta":{"_acf_changed":false,"footnotes":""},"class_list":["post-1202","page","type-page","status-publish","has-post-thumbnail","hentry"],"acf":[],"yoast_head":"<!-- This site is optimized with the Yoast SEO plugin v26.9 - https:\/\/yoast.com\/product\/yoast-seo-wordpress\/ -->\n<title>Subsidies | Z\u00e9ro-C-Climat<\/title>\n<meta name=\"description\" content=\"Find out about subsidy opportunities to improve your heating or air-conditioning system. Save with Zero-C.\" \/>\n<meta name=\"robots\" content=\"index, follow, max-snippet:-1, max-image-preview:large, max-video-preview:-1\" \/>\n<link rel=\"canonical\" href=\"https:\/\/zero-c-climat.com\/en\/grants\/\" \/>\n<meta property=\"og:locale\" content=\"en_US\" \/>\n<meta property=\"og:type\" content=\"article\" \/>\n<meta property=\"og:title\" content=\"Subsidies | Z\u00e9ro-C-Climat\" \/>\n<meta property=\"og:description\" content=\"Find out about subsidy opportunities to improve your heating or air-conditioning system. Save with Zero-C.\" \/>\n<meta property=\"og:url\" content=\"https:\/\/zero-c-climat.com\/en\/grants\/\" \/>\n<meta property=\"og:site_name\" content=\"Z\u00e9ro-C-Climat\" \/>\n<meta property=\"article:publisher\" content=\"https:\/\/www.facebook.com\/RPCLZeroC\/\" \/>\n<meta property=\"article:modified_time\" content=\"2023-10-14T17:18:15+00:00\" \/>\n<meta property=\"og:image\" content=\"https:\/\/zero-c-climat.com\/wp-content\/uploads\/2023\/06\/OrphismeIMG_7987-web-scaled.jpg\" \/>\n\t<meta property=\"og:image:width\" content=\"2560\" \/>\n\t<meta property=\"og:image:height\" content=\"1707\" \/>\n\t<meta property=\"og:image:type\" content=\"image\/jpeg\" \/>\n<meta name=\"twitter:card\" content=\"summary_large_image\" \/>\n<meta name=\"twitter:label1\" content=\"Est. reading time\" \/>\n\t<meta name=\"twitter:data1\" content=\"2 minutes\" \/>\n<script type=\"application\/ld+json\" class=\"yoast-schema-graph\">{\"@context\":\"https:\/\/schema.org\",\"@graph\":[{\"@type\":\"WebPage\",\"@id\":\"https:\/\/zero-c-climat.com\/en\/grants\/\",\"url\":\"https:\/\/zero-c-climat.com\/en\/grants\/\",\"name\":\"Subsidies | Z\u00e9ro-C-Climat\",\"isPartOf\":{\"@id\":\"https:\/\/zero-c-climat.com\/#website\"},\"primaryImageOfPage\":{\"@id\":\"https:\/\/zero-c-climat.com\/en\/grants\/#primaryimage\"},\"image\":{\"@id\":\"https:\/\/zero-c-climat.com\/en\/grants\/#primaryimage\"},\"thumbnailUrl\":\"https:\/\/zero-c-climat.com\/wp-content\/uploads\/2023\/06\/OrphismeIMG_7987-web-scaled.jpg\",\"datePublished\":\"2023-06-26T16:21:15+00:00\",\"dateModified\":\"2023-10-14T17:18:15+00:00\",\"description\":\"Find out about subsidy opportunities to improve your heating or air-conditioning system. Save with Zero-C.\",\"breadcrumb\":{\"@id\":\"https:\/\/zero-c-climat.com\/en\/grants\/#breadcrumb\"},\"inLanguage\":\"en-US\",\"potentialAction\":[{\"@type\":\"ReadAction\",\"target\":[\"https:\/\/zero-c-climat.com\/en\/grants\/\"]}]},{\"@type\":\"ImageObject\",\"inLanguage\":\"en-US\",\"@id\":\"https:\/\/zero-c-climat.com\/en\/grants\/#primaryimage\",\"url\":\"https:\/\/zero-c-climat.com\/wp-content\/uploads\/2023\/06\/OrphismeIMG_7987-web-scaled.jpg\",\"contentUrl\":\"https:\/\/zero-c-climat.com\/wp-content\/uploads\/2023\/06\/OrphismeIMG_7987-web-scaled.jpg\",\"width\":2560,\"height\":1707},{\"@type\":\"BreadcrumbList\",\"@id\":\"https:\/\/zero-c-climat.com\/en\/grants\/#breadcrumb\",\"itemListElement\":[{\"@type\":\"ListItem\",\"position\":1,\"name\":\"Accueil\",\"item\":\"https:\/\/zero-c-climat.com\/en\/\"},{\"@type\":\"ListItem\",\"position\":2,\"name\":\"Subsidies\"}]},{\"@type\":\"WebSite\",\"@id\":\"https:\/\/zero-c-climat.com\/#website\",\"url\":\"https:\/\/zero-c-climat.com\/\",\"name\":\"Z\u00e9ro-C-Climat\",\"description\":\"Our expertise comes to you!\",\"publisher\":{\"@id\":\"https:\/\/zero-c-climat.com\/#organization\"},\"potentialAction\":[{\"@type\":\"SearchAction\",\"target\":{\"@type\":\"EntryPoint\",\"urlTemplate\":\"https:\/\/zero-c-climat.com\/?s={search_term_string}\"},\"query-input\":{\"@type\":\"PropertyValueSpecification\",\"valueRequired\":true,\"valueName\":\"search_term_string\"}}],\"inLanguage\":\"en-US\"},{\"@type\":\"Organization\",\"@id\":\"https:\/\/zero-c-climat.com\/#organization\",\"name\":\"Z\u00e9ro-C-Climat\",\"url\":\"https:\/\/zero-c-climat.com\/\",\"logo\":{\"@type\":\"ImageObject\",\"inLanguage\":\"en-US\",\"@id\":\"https:\/\/zero-c-climat.com\/#\/schema\/logo\/image\/\",\"url\":\"https:\/\/zero-c-climat.com\/wp-content\/uploads\/2023\/06\/zero-c-logo-residentiel.png\",\"contentUrl\":\"https:\/\/zero-c-climat.com\/wp-content\/uploads\/2023\/06\/zero-c-logo-residentiel.png\",\"width\":759,\"height\":291,\"caption\":\"Z\u00e9ro-C-Climat\"},\"image\":{\"@id\":\"https:\/\/zero-c-climat.com\/#\/schema\/logo\/image\/\"},\"sameAs\":[\"https:\/\/www.facebook.com\/RPCLZeroC\/\"]}]}<\/script>\n<!-- \/ Yoast SEO plugin. -->","yoast_head_json":{"title":"Subsidies | Z\u00e9ro-C-Climat","description":"Find out about subsidy opportunities to improve your heating or air-conditioning system. Save with Zero-C.","robots":{"index":"index","follow":"follow","max-snippet":"max-snippet:-1","max-image-preview":"max-image-preview:large","max-video-preview":"max-video-preview:-1"},"canonical":"https:\/\/zero-c-climat.com\/en\/grants\/","og_locale":"en_US","og_type":"article","og_title":"Subsidies | Z\u00e9ro-C-Climat","og_description":"Find out about subsidy opportunities to improve your heating or air-conditioning system. Save with Zero-C.","og_url":"https:\/\/zero-c-climat.com\/en\/grants\/","og_site_name":"Z\u00e9ro-C-Climat","article_publisher":"https:\/\/www.facebook.com\/RPCLZeroC\/","article_modified_time":"2023-10-14T17:18:15+00:00","og_image":[{"width":2560,"height":1707,"url":"https:\/\/zero-c-climat.com\/wp-content\/uploads\/2023\/06\/OrphismeIMG_7987-web-scaled.jpg","type":"image\/jpeg"}],"twitter_card":"summary_large_image","twitter_misc":{"Est. reading time":"2 minutes"},"schema":{"@context":"https:\/\/schema.org","@graph":[{"@type":"WebPage","@id":"https:\/\/zero-c-climat.com\/en\/grants\/","url":"https:\/\/zero-c-climat.com\/en\/grants\/","name":"Subsidies | Z\u00e9ro-C-Climat","isPartOf":{"@id":"https:\/\/zero-c-climat.com\/#website"},"primaryImageOfPage":{"@id":"https:\/\/zero-c-climat.com\/en\/grants\/#primaryimage"},"image":{"@id":"https:\/\/zero-c-climat.com\/en\/grants\/#primaryimage"},"thumbnailUrl":"https:\/\/zero-c-climat.com\/wp-content\/uploads\/2023\/06\/OrphismeIMG_7987-web-scaled.jpg","datePublished":"2023-06-26T16:21:15+00:00","dateModified":"2023-10-14T17:18:15+00:00","description":"Find out about subsidy opportunities to improve your heating or air-conditioning system. Save with Zero-C.","breadcrumb":{"@id":"https:\/\/zero-c-climat.com\/en\/grants\/#breadcrumb"},"inLanguage":"en-US","potentialAction":[{"@type":"ReadAction","target":["https:\/\/zero-c-climat.com\/en\/grants\/"]}]},{"@type":"ImageObject","inLanguage":"en-US","@id":"https:\/\/zero-c-climat.com\/en\/grants\/#primaryimage","url":"https:\/\/zero-c-climat.com\/wp-content\/uploads\/2023\/06\/OrphismeIMG_7987-web-scaled.jpg","contentUrl":"https:\/\/zero-c-climat.com\/wp-content\/uploads\/2023\/06\/OrphismeIMG_7987-web-scaled.jpg","width":2560,"height":1707},{"@type":"BreadcrumbList","@id":"https:\/\/zero-c-climat.com\/en\/grants\/#breadcrumb","itemListElement":[{"@type":"ListItem","position":1,"name":"Accueil","item":"https:\/\/zero-c-climat.com\/en\/"},{"@type":"ListItem","position":2,"name":"Subsidies"}]},{"@type":"WebSite","@id":"https:\/\/zero-c-climat.com\/#website","url":"https:\/\/zero-c-climat.com\/","name":"Z\u00e9ro-C-Climat","description":"Our expertise comes to you!","publisher":{"@id":"https:\/\/zero-c-climat.com\/#organization"},"potentialAction":[{"@type":"SearchAction","target":{"@type":"EntryPoint","urlTemplate":"https:\/\/zero-c-climat.com\/?s={search_term_string}"},"query-input":{"@type":"PropertyValueSpecification","valueRequired":true,"valueName":"search_term_string"}}],"inLanguage":"en-US"},{"@type":"Organization","@id":"https:\/\/zero-c-climat.com\/#organization","name":"Z\u00e9ro-C-Climat","url":"https:\/\/zero-c-climat.com\/","logo":{"@type":"ImageObject","inLanguage":"en-US","@id":"https:\/\/zero-c-climat.com\/#\/schema\/logo\/image\/","url":"https:\/\/zero-c-climat.com\/wp-content\/uploads\/2023\/06\/zero-c-logo-residentiel.png","contentUrl":"https:\/\/zero-c-climat.com\/wp-content\/uploads\/2023\/06\/zero-c-logo-residentiel.png","width":759,"height":291,"caption":"Z\u00e9ro-C-Climat"},"image":{"@id":"https:\/\/zero-c-climat.com\/#\/schema\/logo\/image\/"},"sameAs":["https:\/\/www.facebook.com\/RPCLZeroC\/"]}]}},"_links":{"self":[{"href":"https:\/\/zero-c-climat.com\/en\/wp-json\/wp\/v2\/pages\/1202","targetHints":{"allow":["GET"]}}],"collection":[{"href":"https:\/\/zero-c-climat.com\/en\/wp-json\/wp\/v2\/pages"}],"about":[{"href":"https:\/\/zero-c-climat.com\/en\/wp-json\/wp\/v2\/types\/page"}],"author":[{"embeddable":true,"href":"https:\/\/zero-c-climat.com\/en\/wp-json\/wp\/v2\/users\/5"}],"replies":[{"embeddable":true,"href":"https:\/\/zero-c-climat.com\/en\/wp-json\/wp\/v2\/comments?post=1202"}],"version-history":[{"count":15,"href":"https:\/\/zero-c-climat.com\/en\/wp-json\/wp\/v2\/pages\/1202\/revisions"}],"predecessor-version":[{"id":1549,"href":"https:\/\/zero-c-climat.com\/en\/wp-json\/wp\/v2\/pages\/1202\/revisions\/1549"}],"wp:featuredmedia":[{"embeddable":true,"href":"https:\/\/zero-c-climat.com\/en\/wp-json\/wp\/v2\/media\/921"}],"wp:attachment":[{"href":"https:\/\/zero-c-climat.com\/en\/wp-json\/wp\/v2\/media?parent=1202"}],"curies":[{"name":"wp","href":"https:\/\/api.w.org\/{rel}","templated":true}]}}